{"id":3,"date":"2025-11-18T14:47:24","date_gmt":"2025-11-18T14:47:24","guid":{"rendered":"http:\/\/pralnia-borek.pl\/?page_id=3"},"modified":"2025-12-09T09:58:19","modified_gmt":"2025-12-09T09:58:19","slug":"privacy-policy","status":"publish","type":"page","link":"https:\/\/pralnia-borek.pl\/index.php\/privacy-policy\/","title":{"rendered":"Polityka Prywatno\u015bci (RODO)"},"content":{"rendered":"\t\t<div data-elementor-type=\"wp-page\" data-elementor-id=\"3\" class=\"elementor elementor-3\">\n\t\t\t\t<div class=\"elementor-element elementor-element-1b3b4579 e-flex e-con-boxed e-con e-parent\" data-id=\"1b3b4579\" data-element_type=\"container\">\n\t\t\t\t\t<div class=\"e-con-inner\">\n\t\t\t\t<div class=\"elementor-element elementor-element-47ee9843 elementor-widget elementor-widget-text-editor\" data-id=\"47ee9843\" data-element_type=\"widget\" data-widget_type=\"text-editor.default\">\n\t\t\t\t\t\t\t\t\t<div class=\"rodo-wrapper\" style=\"font-family: Arial, sans-serif; color: #000; line-height: 1.7;\"><ol><li>Polityka Prywatno\u015bci (RODO)<\/li><\/ol><p><strong>Ostatnia aktualizacja: 08.12.2025<\/strong><\/p><h4>1. Administrator danych<\/h4><p style=\"padding-left: 40px;\">Administratorem danych osobowych jest:<br \/><strong>Pralnia-Borek Andrzej Klimczak<\/strong><br \/>NIP: 7352821946<br \/>REGON: 543336225<br \/>Adres prowadzenia dzia\u0142alno\u015bci: <em>ul. Przemys\u0142owa 2, 34-440 Kluszkowce <\/em><br \/>E-mail: <strong>kontakt@pralnia-borek.pl<\/strong><br \/>Telefon: <em>513731107<\/em><\/p><h4>2. Jakie dane zbieramy?<\/h4><p>Mo\u017cemy przetwarza\u0107 nast\u0119puj\u0105ce dane osobowe:<\/p><p style=\"padding-left: 40px;\">&#8211; imi\u0119 i nazwisko,<\/p><p style=\"padding-left: 40px;\">&#8211; adres e-mail,<\/p><p style=\"padding-left: 40px;\">&#8211; numer telefonu,<\/p><p style=\"padding-left: 40px;\">&#8211; dane podane w formularzu kontaktowym,<\/p><p style=\"padding-left: 40px;\">&#8211; dane niezb\u0119dne do realizacji us\u0142ugi (np. adres odbioru, dane do rachunku\/faktury),<\/p><p style=\"padding-left: 40px;\">&#8211; dane techniczne, takie jak adres IP, pliki cookies \u2013 w celu prawid\u0142owego dzia\u0142ania strony.<\/p><p>\u00a0<\/p><h4>3. W jakim celu przetwarzamy dane?<\/h4><p>Dane osobowe przetwarzamy w nast\u0119puj\u0105cych celach:<\/p><p style=\"padding-left: 40px;\">&#8211; udzielenie odpowiedzi na zapytania wys\u0142ane przez formularz lub e-mail,<\/p><p style=\"padding-left: 40px;\">&#8211; realizacja us\u0142ug pralniczych i obs\u0142uga klienta,<\/p><p style=\"padding-left: 40px;\">&#8211; wystawianie rachunk\u00f3w i dokument\u00f3w ksi\u0119gowych,<\/p><p style=\"padding-left: 40px;\">&#8211; marketing \u2013 je\u015bli u\u017cytkownik wyrazi zgod\u0119,<\/p><p style=\"padding-left: 40px;\">&#8211; zapewnienie prawid\u0142owego dzia\u0142ania strony (pliki cookies, statystyki).<\/p><h4>4. Podstawa prawna przetwarzania danych<\/h4><p style=\"padding-left: 40px;\">&#8211; art. 6 ust. 1 lit. b RODO \u2013 realizacja umowy lub dzia\u0142ania przed jej zawarciem,<\/p><p style=\"padding-left: 40px;\">&#8211; art. 6 ust. 1 lit. c RODO \u2013 obowi\u0105zek prawny (np. ksi\u0119gowo\u015b\u0107),<\/p><p style=\"padding-left: 40px;\">&#8211; art. 6 ust. 1 lit. a RODO \u2013 zgoda u\u017cytkownika,<\/p><p style=\"padding-left: 40px;\">&#8211; art. 6 ust. 1 lit. f RODO \u2013 prawnie uzasadniony interes administratora (statystyki, bezpiecze\u0144stwo).<\/p><p>\u00a0<\/p><h4>5. Okres przechowywania danych<\/h4><p>Dane przechowywane s\u0105 przez:<\/p><p style=\"padding-left: 40px;\">&#8211; czas wsp\u00f3\u0142pracy i realizacji us\u0142ug,<\/p><p style=\"padding-left: 40px;\">&#8211; okres wymagany przepisami prawa (ksi\u0119gowo\u015b\u0107 \u2013 min. 5 lat),<\/p><p style=\"padding-left: 40px;\">&#8211; do momentu wycofania zgody, je\u017celi dotyczy.<\/p><h4>6. Udost\u0119pnianie danych<\/h4><p>Dane mog\u0105 by\u0107 przekazywane nast\u0119puj\u0105cym podmiotom:<\/p><p style=\"padding-left: 40px;\">&#8211; biuru ksi\u0119gowemu,<\/p><p style=\"padding-left: 40px;\">&#8211; firmom hostingowym i pocztowym,<\/p><p style=\"padding-left: 40px;\">&#8211; dostawcom us\u0142ug IT,<\/p><p style=\"padding-left: 40px;\">&#8211; firmom kurierskim lub transportowym \u2013 je\u015bli jest to konieczne do realizacji us\u0142ugi.<\/p><p><strong>Nie sprzedajemy danych osobowych osobom trzecim.<\/strong><\/p><h4>7. Prawa u\u017cytkownika<\/h4><p>U\u017cytkownik ma prawo do:<\/p><p style=\"padding-left: 40px;\">&#8211; dost\u0119pu do swoich danych,<\/p><p style=\"padding-left: 40px;\">&#8211; sprostowania danych,<\/p><p style=\"padding-left: 40px;\">&#8211; usuni\u0119cia danych (prawo do bycia zapomnianym),<\/p><p style=\"padding-left: 40px;\">&#8211; ograniczenia przetwarzania,<\/p><p style=\"padding-left: 40px;\">&#8211; przenoszenia danych,<\/p><p style=\"padding-left: 40px;\">&#8211; wniesienia sprzeciwu,<\/p><p style=\"padding-left: 40px;\">&#8211; wycofania zgody w dowolnym momencie.<\/p><p>Wszelkie \u017c\u0105dania dotycz\u0105ce danych mo\u017cna kierowa\u0107 na adres e-mail:<br \/><strong>andrzej.klimczak@buk-borek.pl<\/strong><\/p><p>U\u017cytkownik ma r\u00f3wnie\u017c prawo z\u0142o\u017cy\u0107 skarg\u0119 do Prezesa Urz\u0119du Ochrony Danych Osobowych,<br \/>je\u017celi uzna, \u017ce jego dane s\u0105 przetwarzane niezgodnie z prawem.<\/p><h4>8. Pliki cookies<\/h4><p>Strona internetowa mo\u017ce u\u017cywa\u0107 plik\u00f3w cookies w celu:<\/p><p style=\"padding-left: 40px;\">&#8211; zapewnienia prawid\u0142owego dzia\u0142ania serwisu,<\/p><p style=\"padding-left: 40px;\">&#8211; analiz statystycznych,<\/p><p style=\"padding-left: 40px;\">&#8211; poprawy wygody u\u017cytkowania.<\/p><p>U\u017cytkownik mo\u017ce zarz\u0105dza\u0107 plikami cookies w ustawieniach przegl\u0105darki.<\/p><h4>9. Zabezpieczenia danych<\/h4><p>Administrator stosuje \u015brodki techniczne i organizacyjne maj\u0105ce na celu ochron\u0119 danych osobowych przed utrat\u0105, ujawnieniem lub dost\u0119pem os\u00f3b nieuprawnionych.<\/p><h4>10. Kontakt<\/h4><p>W sprawach zwi\u0105zanych z ochron\u0105 danych osobowych prosimy o kontakt:<\/p><p><img decoding=\"async\" class=\"emoji\" role=\"img\" draggable=\"false\" src=\"https:\/\/s.w.org\/images\/core\/emoji\/17.0.2\/svg\/1f4e7.svg\" alt=\"\ud83d\udce7\" \/> <strong>andrzej.klimczak@buk-borek.pl<\/strong><br \/><img decoding=\"async\" class=\"emoji\" role=\"img\" draggable=\"false\" src=\"https:\/\/s.w.org\/images\/core\/emoji\/17.0.2\/svg\/1f4de.svg\" alt=\"\ud83d\udcde\" \/> <em>513731107<\/em><\/p><\/div>\t\t\t\t\t\t\t\t<\/div>\n\t\t\t\t\t<\/div>\n\t\t\t\t<\/div>\n\t\t\t\t<\/div>\n\t\t","protected":false},"excerpt":{"rendered":"<p>Polityka Prywatno\u015bci (RODO) Ostatnia aktualizacja: 08.12.2025 1. Administrator danych Administratorem danych osobowych jest:Pralnia-Borek Andrzej KlimczakNIP: 7352821946REGON: 543336225Adres prowadzenia dzia\u0142alno\u015bci: ul. Przemys\u0142owa 2, 34-440 Kluszkowce E-mail: kontakt@pralnia-borek.plTelefon: 513731107 2. Jakie dane zbieramy? Mo\u017cemy przetwarza\u0107 nast\u0119puj\u0105ce dane osobowe: &#8211; imi\u0119 i nazwisko, &#8211; adres e-mail, &#8211; numer telefonu, &#8211; dane podane w formularzu kontaktowym, &#8211; dane niezb\u0119dne [&hellip;]<\/p>\n","protected":false},"author":1,"featured_media":0,"parent":0,"menu_order":0,"comment_status":"closed","ping_status":"open","template":"","meta":{"footnotes":""},"class_list":["post-3","page","type-page","status-publish","hentry"],"_links":{"self":[{"href":"https:\/\/pralnia-borek.pl\/index.php\/wp-json\/wp\/v2\/pages\/3","targetHints":{"allow":["GET"]}}],"collection":[{"href":"https:\/\/pralnia-borek.pl\/index.php\/wp-json\/wp\/v2\/pages"}],"about":[{"href":"https:\/\/pralnia-borek.pl\/index.php\/wp-json\/wp\/v2\/types\/page"}],"author":[{"embeddable":true,"href":"https:\/\/pralnia-borek.pl\/index.php\/wp-json\/wp\/v2\/users\/1"}],"replies":[{"embeddable":true,"href":"https:\/\/pralnia-borek.pl\/index.php\/wp-json\/wp\/v2\/comments?post=3"}],"version-history":[{"count":13,"href":"https:\/\/pralnia-borek.pl\/index.php\/wp-json\/wp\/v2\/pages\/3\/revisions"}],"predecessor-version":[{"id":100,"href":"https:\/\/pralnia-borek.pl\/index.php\/wp-json\/wp\/v2\/pages\/3\/revisions\/100"}],"wp:attachment":[{"href":"https:\/\/pralnia-borek.pl\/index.php\/wp-json\/wp\/v2\/media?parent=3"}],"curies":[{"name":"wp","href":"https:\/\/api.w.org\/{rel}","templated":true}]}}